{"id":3,"date":"2025-04-18T05:53:27","date_gmt":"2025-04-18T05:53:27","guid":{"rendered":"http:\/\/arentgroup.it\/?page_id=3"},"modified":"2025-04-26T10:01:45","modified_gmt":"2025-04-26T10:01:45","slug":"privacy-policy","status":"publish","type":"page","link":"https:\/\/arentgroup.it\/it\/privacy-policy\/","title":{"rendered":"Informativa sulla privacy"},"content":{"rendered":"<div data-elementor-type=\"wp-page\" data-elementor-id=\"3\" class=\"elementor elementor-3\" data-elementor-post-type=\"page\">\n\t\t\t\t<div class=\"elementor-element elementor-element-c6ad75a e-flex e-con-boxed wpr-particle-no wpr-jarallax-no wpr-parallax-no wpr-sticky-section-no e-con e-parent\" data-id=\"c6ad75a\" data-element_type=\"container\">\n\t\t\t\t\t<div class=\"e-con-inner\">\n\t\t\t\t<div class=\"elementor-element elementor-element-7e5be3a elementor-widget elementor-widget-heading\" data-id=\"7e5be3a\" data-element_type=\"widget\" data-widget_type=\"heading.default\">\n\t\t\t\t\t<h2 class=\"elementor-heading-title elementor-size-default\">Informativa sulla privacy<\/h2>\t\t\t\t<\/div>\n\t\t\t\t\t<\/div>\n\t\t\t\t<\/div>\n\t\t<div class=\"elementor-element elementor-element-2d30ffc9 e-flex e-con-boxed wpr-particle-no wpr-jarallax-no wpr-parallax-no wpr-sticky-section-no e-con e-parent\" data-id=\"2d30ffc9\" data-element_type=\"container\">\n\t\t\t\t\t<div class=\"e-con-inner\">\n\t\t\t\t<div class=\"elementor-element elementor-element-206c61d9 elementor-widget elementor-widget-text-editor\" data-id=\"206c61d9\" data-element_type=\"widget\" data-widget_type=\"text-editor.default\">\n\t\t\t\t\t\t\t\t\t<p><\/p>\n<p><span style=\"font-size: 1rem;\">ARENT GROUP | Via Arcangelo Corelli 91 - Firenze (FI) 50127 | Tel. +39 350 8388915 | <\/span><a data-start=\"139\" data-end=\"157\" rel=\"noopener\" style=\"background-color: rgb(255, 255, 255); font-size: 1rem;\">info@arentgroup.it<\/a><span style=\"font-size: 1rem;\"> | Partita IVA: 07445830487<\/span><strong>, proprietario del sito web www.arentgroup.it<\/strong>&nbsp;si riserva il diritto di utilizzare i dati personali, forniti volontariamente dagli utenti, nel rispetto della normativa vigente.<br>Questo documento le permetter\u00e0 di conoscere la nostra politica sulla privacy per capire come le sue informazioni personali vengono gestite quando utilizza i nostri servizi e per consentirle di prestare un consenso espresso e consapevole al trattamento dei suoi dati personali nelle sezioni del Sito.<br>La presente \u00e8 un'informativa che viene fornita ai sensi dell'art. 13 del D.Lgs. 196\/2003 - Codice in materia di protezione dei dati personali e del Regolamento UE sulla protezione dei dati personali (UE 2016\/679).<br>L'informativa \u00e8 resa solo per questo Sito e non anche per altri siti web eventualmente consultati dall'utente tramite link.<\/p>\n<p><strong>Titolare e responsabili del trattamento dei dati<\/strong><\/p>\n<p>Il titolare del trattamento dei dati raccolti attraverso il sito \u00e8&nbsp;<span style=\"font-size: 1rem;\">ARENT GROUP | Via Arcangelo Corelli 91 - Firenze (FI) 50127 | Tel. +39 350 8388915 | <\/span><a data-start=\"139\" data-end=\"157\" rel=\"noopener\" style=\"background-color: rgb(255, 255, 255); font-size: 1rem;\">info@arentgroup.it<\/a><span style=\"font-size: 1rem;\"> | Partita IVA: 07445830487<\/span><span style=\"font-style: inherit; font-weight: inherit;\">&nbsp;. Tutti i dati raccolti saranno trattati presso la sede del Titolare del trattamento, salvo quanto diversamente specificato nella presente Privacy Policy. L'elenco aggiornato dei Responsabili del trattamento \u00e8 disponibile presso la sede del Titolare del trattamento, a cui \u00e8 possibile rivolgersi in qualsiasi momento.<\/span><\/p><p>Il Titolare tratta i dati personali degli utenti adottando le opportune misure di sicurezza per impedire l'accesso, la divulgazione, la modifica o la distruzione non autorizzate dei dati personali. Il trattamento avviene mediante strumenti informatici e\/o telematici, con modalit\u00e0 organizzative e logiche strettamente correlate alle finalit\u00e0 indicate.<br>Finalit\u00e0 e base giuridica del trattamento<br>Il trattamento che intendiamo effettuare ha lo scopo di consentire la fornitura dei Servizi da voi richiesti.<br>I Suoi dati personali sono inoltre trattati per adempiere agli obblighi legali, contabili e fiscali, nonch\u00e9 per consentire la navigazione e la consultazione del Sito.<br>Infine, l'invio facoltativo, esplicito e volontario di posta elettronica agli indirizzi indicati su questo Sito comporta la successiva acquisizione dell'indirizzo del mittente, necessario per rispondere alle richieste, nonch\u00e9 degli eventuali altri dati personali inseriti nella missiva.&nbsp;<\/p>\n<p><strong>Comunicazione e diffusione di dati personali comuni<\/strong><\/p>\n<p>Oltre al titolare, in alcuni casi, potrebbero avere accesso ai dati personali categorie di incaricati coinvolti nell'organizzazione del sito (personale amministrativo, commerciale, marketing, legali, amministratori di sistema) ovvero soggetti esterni (come fornitori di servizi tecnici terzi, corrieri postali, hosting provider, societ\u00e0 informatiche, agenzie di comunicazione) nominati anche, se necessario, responsabili del trattamento da parte del titolare. &nbsp;<br>I dati personali sono trattati con strumenti automatizzati per il tempo strettamente necessario a conseguire gli scopi per cui sono stati raccolti.<br>I vostri dati personali non saranno divulgati.<br>I vostri dati non saranno trasferiti a un paese terzo o a un'organizzazione internazionale.<\/p>\n<p><strong>Obbligatoriet\u00e0 o facoltativit\u00e0 del conferimento dei dati e conseguenze di un eventuale rifiuto di rispondere<\/strong><\/p>\n<p>Il conferimento dei dati \u00e8 facoltativo, tuttavia l'eventuale rifiuto a fornirli pu\u00f2 comportare l'impossibilit\u00e0 di&nbsp;<span style=\"font-size: 1rem;\">ARENT GROUP | Via Arcangelo Corelli 91 - Firenze (FI) 50127 | Tel. +39 350 8388915 | <\/span><a data-start=\"139\" data-end=\"157\" rel=\"noopener\" style=\"background-color: rgb(255, 255, 255); font-size: 1rem;\">info@arentgroup.it<\/a><span style=\"font-size: 1rem;\"> | Partita IVA: 07445830487<\/span><span style=\"font-style: inherit; font-weight: inherit;\">&nbsp; per fornire il servizio richiesto.<\/span><\/p><p>Tipi di dati trattati<br><em>Dati di navigazione<\/em><br>I sistemi informatici e le procedure software preposte al funzionamento del Sito acquisiscono, nel corso del loro normale esercizio, alcuni dati personali la cui trasmissione \u00e8 implicita nell'uso dei protocolli di comunicazione di Internet.<br>Si tratta di informazioni che non sono raccolte per essere associate a interessati identificati, ma che per loro stessa natura potrebbero, attraverso elaborazioni ed associazioni con dati detenuti da terzi, permettere di identificare gli utenti.<br>In questa categoria di dati rientrano gli indirizzi IP o i nomi a dominio dei computer utilizzati dagli utenti che si connettono al sito, gli indirizzi in notazione URI (Uniform Resource Identifier) delle risorse richieste, l'orario della richiesta, il metodo utilizzato nel sottoporre la richiesta al server, la dimensione del file ottenuto in risposta, il codice numerico indicante lo stato della risposta data dal server (buon fine, errore, ecc.) e altri parametri relativi al sistema operativo e all'ambiente informatico dell'utente.<br>Questi dati vengono utilizzati al solo fine di ricavare informazioni statistiche anonime sull'uso del sito e per controllarne il corretto funzionamento e vengono cancellati immediatamente dopo l'elaborazione. I dati potrebbero essere utilizzati per l'accertamento di responsabilit\u00e0 in caso di ipotetici reati informatici ai danni del Sito o di terzi: salva questa eventualit\u00e0, allo stato i dati sui contatti web non vengono conservati in modo permanente.<br><em>Altri dati personali<\/em><br>Altri Suoi dati personali - quali, a titolo esemplificativo e non esaustivo: indirizzo e-mail, nome, cognome - sono trattati per l'erogazione del servizio ed eventualmente per l'invio della newsletter o di comunicazioni promozionali, ove previste.<\/p>\n<p><strong>Diritti della parte interessata<\/strong><\/p>\n<p>L'utente potr\u00e0 esercitare in qualsiasi momento i diritti previsti dall'art. 7 del Codice Privacy, per ottenere la conferma dell'esistenza o meno dei propri dati personali e di conoscerne il contenuto e l'origine, verificarne l'esattezza o chiederne l'integrazione o l'aggiornamento, oppure la rettifica. 7 del Codice Privacy, al fine di ottenere la conferma dell'esistenza o meno dei propri dati personali e di conoscerne il contenuto e l'origine, verificarne l'esattezza o chiederne l'integrazione o l'aggiornamento, oppure la rettifica.<br><strong>Ai sensi dell'art. 7<\/strong>&nbsp;&nbsp;del Codice della privacy,<br>1. L'interessato ha diritto di ottenere la conferma dell'esistenza o meno di dati personali che lo riguardano, anche se non ancora registrati, e la loro comunicazione in forma intelligibile.<br>2. La parte interessata ha il diritto di ottenere informazioni su:<br>a) l'origine dei dati personali;<br>b) le finalit\u00e0 e le modalit\u00e0 del trattamento;<br>c) la logica applicata in caso di trattamento effettuato con l'ausilio di strumenti elettronici;<br>d) i dati identificativi del proprietario, dei dirigenti e del rappresentante designato ai sensi dell'articolo 5, comma 2;<br>e) dei soggetti o delle categorie di soggetti ai quali i dati personali possono essere comunicati o che possono venirne a conoscenza in qualit\u00e0 di rappresentante designato nel territorio dello Stato, di responsabili o incaricati.<br>3. L'interessato ha il diritto di ottenere:<br>a) l'aggiornamento, la rettifica o, se vi \u00e8 interesse, l'integrazione dei dati;<br>b) la cancellazione, la trasformazione in forma anonima o il blocco dei dati trattati in violazione di legge, compresi quelli di cui non \u00e8 necessaria la conservazione in relazione agli scopi per i quali i dati sono stati raccolti o successivamente trattati;<br>c) l'attestazione che le operazioni di cui alle lettere a) e b) sono state portate a conoscenza, anche per quanto riguarda il loro contenuto, di coloro ai quali i dati sono stati comunicati o diffusi, eccettuato il caso in cui tale adempimento si rivela impossibile o comporta un impiego di mezzi manifestamente sproporzionato rispetto al diritto tutelato.<br>4. L'interessato ha diritto di opporsi, in tutto o in parte: a) per motivi legittimi al trattamento dei dati personali che lo riguardano, ancorch\u00e9 pertinenti allo scopo della raccolta;<br>b) al trattamento di dati personali che lo riguardano a fini di invio di materiale pubblicitario o di vendita diretta o per il compimento di ricerche di mercato o di comunicazione commerciale.<\/p>\n<p><strong>Ai sensi dell'articolo 20 del Regolamento europeo<\/strong>&nbsp;&nbsp;per la protezione dei dati personali: l'interessato ha il diritto di ricevere i dati personali che lo riguardano in un formato strutturato, di uso comune e leggibile da dispositivo automatico e ha il diritto di trasmettere tali dati a un altro titolare del trattamento senza impedimenti.<br><strong>Ai sensi dell'articolo 77 del Regolamento europeo<\/strong>&nbsp;&nbsp;per la protezione dei dati personali: Fatto salvo ogni altro ricorso amministrativo o giurisdizionale, l'interessato che ritenga che il trattamento che lo riguarda violi il regolamento ha il diritto di proporre reclamo al Garante per la protezione dei dati personali (http:\/\/www.garanteprivacy.it\/web\/guest).<br>Le richieste devono essere indirizzate a&nbsp;<span style=\"font-size: 1rem;\">ARENT GROUP | Via Arcangelo Corelli 91 - Firenze (FI) 50127 | Tel. +39 350 8388915 | <\/span><a data-start=\"139\" data-end=\"157\" rel=\"noopener\" style=\"background-color: rgb(255, 255, 255); font-size: 1rem;\">info@arentgroup.it<\/a><span style=\"font-size: 1rem;\"> | Partita IVA: 07445830487<\/span><span style=\"font-style: inherit; font-weight: inherit;\">&nbsp;in qualit\u00e0 di responsabile del trattamento dei dati tramite il seguente indirizzo e-mail <\/span><a href=\"mailto:info@arentgroup.it\" style=\"font-style: inherit; font-weight: inherit; background-color: rgb(255, 255, 255);\">info@arentgroup.it&nbsp;<\/a><span style=\"font-style: inherit; font-weight: inherit;\"> attraverso lo stesso contatto, l'utente pu\u00f2 anche richiedere l'elenco aggiornato di tutti i responsabili del trattamento nominati dal titolare.<\/span><\/p>\n<p>La richiesta dei dati sopra elencati pu\u00f2 essere rinnovata con un intervallo minimo di 90 giorni, salvo i casi in cui sussista una giusta causa: cancellazione o modifica di tali dati per violazione di legge; cancellazione dei dati che non possono essere utilizzati per i motivi per cui sono stati raccolti.<br>Il titolare del trattamento si riserva il diritto di apportare modifiche alla presente Privacy Policy in qualsiasi momento dandone comunicazione agli utenti su questa pagina. La invitiamo pertanto a consultare spesso questa pagina, prendendo come riferimento la data dell'ultima modifica indicata alla fine del documento. In caso di mancata accettazione delle modifiche apportate alla presente Privacy Policy, l'utente pu\u00f2 chiedere al titolare del trattamento di cancellare i propri dati personali.<br>Se non diversamente specificato, la precedente Informativa sulla privacy continuer\u00e0 ad essere applicata ai dati personali raccolti fino a quel momento.<\/p>\n<p><strong>CONTROLLORE DEI DATI<\/strong><\/p>\n<p>GRUPPO ARENT<br>Via Arcangelo Corelli 91 - Firenze (FI) 50127<br>Tel. +39 350 8388915<br>info@arentgroup.it<br>Partita IVA: 07445830487<\/p>\t\t\t\t\t\t\t\t<\/div>\n\t\t\t\t\t<\/div>\n\t\t\t\t<\/div>\n\t\t\t\t<\/div>","protected":false},"excerpt":{"rendered":"<p>Privacy Policy ARENT GROUP | Via Arcangelo Corelli 91 &#8211; Firenze (FI) 50127 | Tel. +39 350 8388915 | info@arentgroup.it | VAT number: 07445830487, owner of the website www.arentgroup.it&nbsp;, reserves the right to use personal data, voluntarily provided by users, in compliance with current regulations.This document will allow you to know our privacy policy to understand how your personal information is managed when you use our services and to allow you to give express and informed consent to the processing of your personal data in the sections of the Site.This is an information notice that is provided pursuant to art. 13 of Legislative Decree 196\/2003 &#8211; Personal Data Protection Code and the EU Regulation on the protection of personal data (EU 2016\/679).The information is provided only for this Site and not for other websites that may be consulted by the user via links. Owner and Data Controllers The data controller for the data collected through the site is&nbsp;ARENT GROUP | Via Arcangelo Corelli 91 &#8211; Firenze (FI) 50127 | Tel. +39 350 8388915 | info@arentgroup.it | VAT number: 07445830487&nbsp;. All data collected will be processed at the headquarters of the data controller, unless otherwise specified in this Privacy Policy. The updated list of Data Processors is available at the headquarters of the Data Controller, to whom you can contact at any time. The owner processes the personal data of users by adopting the appropriate security measures to prevent unauthorized access, disclosure, modification or destruction of personal data. Processing is carried out using IT and\/or telematic tools, with organizational methods and logic strictly related to the purposes indicated.Purpose and legal basis of processingThe processing that we intend to carry out has the purpose of allowing the provision of the Services requested by you.Your personal data are also processed to fulfill legal, accounting and tax obligations, as well as to allow navigation and consultation of the Site.Finally, the optional, explicit and voluntary sending of electronic mail to the addresses indicated on this Site entails the subsequent acquisition of the sender&#8217;s address, necessary to respond to requests, as well as any other personal data included in the message.&nbsp; Communication and dissemination of common personal data In addition to the owner, in some cases, categories of persons involved in the organization of the site (administrative, commercial, marketing, legal, system administrators) or external parties (such as third-party technical service providers, postal couriers, hosting providers, IT companies, communication agencies) may have access to personal data, also appointed, if necessary, as data controllers by the owner. &nbsp;Personal data are processed with automated tools for the time strictly necessary to achieve the purposes for which they were collected.Your personal data will not be disclosed.Your data will not be transferred to a third country or to an international organization. Mandatory or optional nature of providing data and consequences of any refusal to respond The provision of data is optional, however any refusal to provide them may make it impossible for&nbsp;ARENT GROUP | Via Arcangelo Corelli 91 &#8211; Firenze (FI) 50127 | Tel. +39 350 8388915 | info@arentgroup.it | VAT number: 07445830487&nbsp; to provide the requested service. Types of data processedNavigation dataThe computer systems and software procedures used to operate the Site acquire, during their normal operation, some personal data whose transmission is implicit in the use of Internet communication protocols.This information is not collected to be associated with identified interested parties, but by its very nature could, through processing and association with data held by third parties, allow users to be identified.This category of data includes IP addresses or domain names of computers used by users who connect to the site, URI (Uniform Resource Identifier) addresses of requested resources, the time of the request, the method used to submit the request to the server, the size of the file obtained in response, the numerical code indicating the status of the response given by the server (successful, error, etc.) and other parameters relating to the operating system and the user&#8217;s IT environment.These data are used for the sole purpose of obtaining anonymous statistical information on the use of the site and to check its correct functioning and are deleted immediately after processing. The data could be used to ascertain responsibility in the event of hypothetical computer crimes against the Site or third parties: except for this eventuality, at present the data on web contacts are not stored permanently.Other personal dataOther personal data of yours \u2013 such as, by way of example and not limited to: e-mail address, name, surname \u2013 are processed for the provision of the service and possibly for sending the newsletter or promotional communications, where applicable. Rights of the interested party Users may exercise at any time the rights provided for by art. 7 of the Privacy Code, in order to obtain confirmation of the existence or otherwise of their personal data and to know their content and origin, verify their accuracy or request their integration or updating, or correction.Pursuant to art. 7&nbsp;&nbsp;of the Privacy Code,1. The interested party has the right to obtain confirmation of the existence or otherwise of personal data concerning him or her, even if not yet registered, and their communication in an intelligible form.2. The interested party has the right to obtain information on:a) the origin of the personal data;b) the purposes and methods of processing;c) the logic applied in the event of processing carried out with the aid of electronic instruments;d) the identification details of the owner, managers and designated representative pursuant to article 5, paragraph 2;e) the subjects or categories of subjects to whom the personal data may be communicated or who may become aware of them in their capacity as designated representative in the territory of the State, managers or agents.3. The interested party has the right to obtain:a) the updating, rectification or, when interested, integration of the data;b) the cancellation, transformation into anonymous form or blocking of data processed in violation of the law, including data whose retention is not necessary in relation to the purposes for<\/p>","protected":false},"author":1,"featured_media":0,"parent":0,"menu_order":0,"comment_status":"closed","ping_status":"closed","template":"","meta":{"site-sidebar-layout":"default","site-content-layout":"","ast-site-content-layout":"","site-content-style":"default","site-sidebar-style":"default","ast-global-header-display":"","ast-banner-title-visibility":"","ast-main-header-display":"","ast-hfb-above-header-display":"","ast-hfb-below-header-display":"","ast-hfb-mobile-header-display":"","site-post-title":"","ast-breadcrumbs-content":"","ast-featured-img":"","footer-sml-layout":"","theme-transparent-header-meta":"","adv-header-id-meta":"","stick-header-meta":"","header-above-stick-meta":"","header-main-stick-meta":"","header-below-stick-meta":"","astra-migrate-meta-layouts":"default","ast-page-background-enabled":"default","ast-page-background-meta":{"desktop":{"background-color":"var(--ast-global-color-5)","background-image":"","background-repeat":"repeat","background-position":"center center","background-size":"auto","background-attachment":"scroll","background-type":"","background-media":"","overlay-type":"","overlay-color":"","overlay-opacity":"","overlay-gradient":""},"tablet":{"background-color":"","background-image":"","background-repeat":"repeat","background-position":"center center","background-size":"auto","background-attachment":"scroll","background-type":"","background-media":"","overlay-type":"","overlay-color":"","overlay-opacity":"","overlay-gradient":""},"mobile":{"background-color":"","background-image":"","background-repeat":"repeat","background-position":"center center","background-size":"auto","background-attachment":"scroll","background-type":"","background-media":"","overlay-type":"","overlay-color":"","overlay-opacity":"","overlay-gradient":""}},"ast-content-background-meta":{"desktop":{"background-color":"var(--ast-global-color-4)","background-image":"","background-repeat":"repeat","background-position":"center center","background-size":"auto","background-attachment":"scroll","background-type":"","background-media":"","overlay-type":"","overlay-color":"","overlay-opacity":"","overlay-gradient":""},"tablet":{"background-color":"var(--ast-global-color-4)","background-image":"","background-repeat":"repeat","background-position":"center center","background-size":"auto","background-attachment":"scroll","background-type":"","background-media":"","overlay-type":"","overlay-color":"","overlay-opacity":"","overlay-gradient":""},"mobile":{"background-color":"var(--ast-global-color-4)","background-image":"","background-repeat":"repeat","background-position":"center center","background-size":"auto","background-attachment":"scroll","background-type":"","background-media":"","overlay-type":"","overlay-color":"","overlay-opacity":"","overlay-gradient":""}},"footnotes":""},"class_list":["post-3","page","type-page","status-publish","hentry"],"aioseo_notices":[],"_links":{"self":[{"href":"https:\/\/arentgroup.it\/it\/wp-json\/wp\/v2\/pages\/3","targetHints":{"allow":["GET"]}}],"collection":[{"href":"https:\/\/arentgroup.it\/it\/wp-json\/wp\/v2\/pages"}],"about":[{"href":"https:\/\/arentgroup.it\/it\/wp-json\/wp\/v2\/types\/page"}],"author":[{"embeddable":true,"href":"https:\/\/arentgroup.it\/it\/wp-json\/wp\/v2\/users\/1"}],"replies":[{"embeddable":true,"href":"https:\/\/arentgroup.it\/it\/wp-json\/wp\/v2\/comments?post=3"}],"version-history":[{"count":10,"href":"https:\/\/arentgroup.it\/it\/wp-json\/wp\/v2\/pages\/3\/revisions"}],"predecessor-version":[{"id":1392,"href":"https:\/\/arentgroup.it\/it\/wp-json\/wp\/v2\/pages\/3\/revisions\/1392"}],"wp:attachment":[{"href":"https:\/\/arentgroup.it\/it\/wp-json\/wp\/v2\/media?parent=3"}],"curies":[{"name":"wp","href":"https:\/\/api.w.org\/{rel}","templated":true}]}}