{"id":32,"date":"2025-04-18T06:44:20","date_gmt":"2025-04-18T06:44:20","guid":{"rendered":"https:\/\/arentgroup.it\/?page_id=32"},"modified":"2025-04-27T03:01:21","modified_gmt":"2025-04-27T03:01:21","slug":"arent-club","status":"publish","type":"page","link":"https:\/\/arentgroup.it\/es\/arent-club\/","title":{"rendered":"Club Arent"},"content":{"rendered":"<div data-elementor-type=\"wp-page\" data-elementor-id=\"32\" class=\"elementor elementor-32\" data-elementor-post-type=\"page\">\n\t\t\t\t<div class=\"elementor-element elementor-element-fd35525 e-flex e-con-boxed wpr-particle-no wpr-jarallax-no wpr-parallax-no wpr-sticky-section-no e-con e-parent\" data-id=\"fd35525\" data-element_type=\"container\" data-settings=\"{&quot;background_background&quot;:&quot;classic&quot;}\">\n\t\t\t\t\t<div class=\"e-con-inner\">\n\t\t<div class=\"elementor-element elementor-element-47f5434 e-con-full e-flex wpr-particle-no wpr-jarallax-no wpr-parallax-no wpr-sticky-section-no e-con e-child\" data-id=\"47f5434\" data-element_type=\"container\" data-settings=\"{&quot;background_background&quot;:&quot;classic&quot;}\">\n\t\t\t\t<div class=\"elementor-element elementor-element-90e9fc3 elementor-widget elementor-widget-image\" data-id=\"90e9fc3\" data-element_type=\"widget\" data-widget_type=\"image.default\">\n\t\t\t\t\t\t\t\t\t\t\t\t\t\t\t\t<a href=\"https:\/\/arentgroup.it\/es\">\n\t\t\t\t\t\t\t<img decoding=\"async\" width=\"202\" height=\"117\" src=\"https:\/\/arentgroup.it\/wp-content\/uploads\/2025\/04\/Arent-Logo-e1745066818471.png\" class=\"attachment-full size-full wp-image-161\" alt=\"\" srcset=\"https:\/\/arentgroup.it\/wp-content\/uploads\/2025\/04\/Arent-Logo-e1745066818471.png 202w, https:\/\/arentgroup.it\/wp-content\/uploads\/2025\/04\/Arent-Logo-e1745066818471-18x10.png 18w\" sizes=\"(max-width: 202px) 100vw, 202px\" \/>\t\t\t\t\t\t\t\t<\/a>\n\t\t\t\t\t\t\t\t\t\t\t\t\t\t\t<\/div>\n\t\t\t\t<div class=\"elementor-element elementor-element-e70d901 elementor-widget elementor-widget-text-editor\" data-id=\"e70d901\" data-element_type=\"widget\" data-widget_type=\"text-editor.default\">\n\t\t\t\t\t\t\t\t\t<div class=\"elementor-element elementor-element-b0cefea e-con-full e-flex e-con e-child\" data-id=\"b0cefea\" data-element_type=\"container\" data-settings=\"{&quot;background_background&quot;:&quot;classic&quot;}\"><div class=\"elementor-element elementor-element-baae0a3 elementor-widget elementor-widget-text-editor\" data-id=\"baae0a3\" data-element_type=\"widget\" data-widget_type=\"text-editor.default\"><div class=\"elementor-widget-container\"><p><strong data-start=\"103\" data-end=\"143\">Ventajas exclusivas s\u00f3lo para afiliados:<\/strong><br data-start=\"143\" data-end=\"146\" \/>- Entrega personalizada<br data-start=\"167\" data-end=\"170\" \/>- Kil\u00f3metros extra<br data-start=\"188\" data-end=\"191\" \/>- Posibilidad de sustituir el coche<br data-start=\"225\" data-end=\"228\" \/>- Ofertas personalizadas<br data-start=\"249\" data-end=\"252\" \/>- Los primeros en recibir las nuevas promociones<br data-start=\"285\" data-end=\"288\" \/>- Los primeros en recibir nuevas entradas en la flota<br data-start=\"333\" data-end=\"336\" \/>- Descubra c\u00f3mo obtener ingresos pasivos con las oportunidades de alquiler de coches de lujo de ARENT<\/p><\/div><\/div><\/div>\t\t\t\t\t\t\t\t<\/div>\n\t\t\t\t<\/div>\n\t\t<div class=\"elementor-element elementor-element-89a28d8 e-con-full e-flex wpr-particle-no wpr-jarallax-no wpr-parallax-no wpr-sticky-section-no e-con e-child\" data-id=\"89a28d8\" data-element_type=\"container\" data-settings=\"{&quot;background_background&quot;:&quot;classic&quot;}\">\n\t\t\t\t<div class=\"elementor-element elementor-element-b8c91fa elementor-widget elementor-widget-heading\" data-id=\"b8c91fa\" data-element_type=\"widget\" data-widget_type=\"heading.default\">\n\t\t\t\t\t<h2 class=\"elementor-heading-title elementor-size-default\">\u00danete al club<\/h2>\t\t\t\t<\/div>\n\t\t\t\t<div class=\"elementor-element elementor-element-7be15c9 elementor-button-align-center elementor-widget elementor-widget-form\" data-id=\"7be15c9\" data-element_type=\"widget\" data-settings=\"{&quot;step_next_label&quot;:&quot;Next&quot;,&quot;step_previous_label&quot;:&quot;Previous&quot;,&quot;button_width&quot;:&quot;100&quot;,&quot;step_type&quot;:&quot;number_text&quot;,&quot;step_icon_shape&quot;:&quot;circle&quot;}\" data-widget_type=\"form.default\">\n\t\t\t\t\t\t\t<form class=\"elementor-form\" method=\"post\" name=\"New Form\" action=\"\">\n\t\t\t<input type=\"hidden\" name=\"post_id\" value=\"32\"\/>\n\t\t\t<input type=\"hidden\" name=\"form_id\" value=\"7be15c9\"\/>\n\t\t\t<input type=\"hidden\" name=\"referer_title\" value=\"Arent Club\" \/>\n\n\t\t\t\t\t\t\t<input type=\"hidden\" name=\"queried_id\" value=\"32\"\/>\n\t\t\t\n\t\t\t<div class=\"elementor-form-fields-wrapper elementor-labels-above\">\n\t\t\t\t\t\t\t\t<div class=\"elementor-field-type-email elementor-field-group elementor-column elementor-field-group-email elementor-col-100 elementor-field-required\">\n\t\t\t\t\t\t\t\t\t\t\t\t<label for=\"form-field-email\" class=\"elementor-field-label\">\n\t\t\t\t\t\t\t\tCorreo electr\u00f3nico\t\t\t\t\t\t\t<\/label>\n\t\t\t\t\t\t\t\t\t\t\t\t\t\t<input size=\"1\" type=\"email\" name=\"form_fields[email]\" id=\"form-field-email\" class=\"elementor-field elementor-size-sm  elementor-field-textual\" placeholder=\"Correo electr\u00f3nico\" required=\"required\">\n\t\t\t\t\t\t\t\t\t\t\t<\/div>\n\t\t\t\t\t\t\t\t<div class=\"elementor-field-type-checkbox elementor-field-group elementor-column elementor-field-group-field_e20828c elementor-col-100\">\n\t\t\t\t\t\t\t\t\t\t\t\t<label for=\"form-field-field_e20828c\" class=\"elementor-field-label\">\n\t\t\t\t\t\t\t\tAceptaci\u00f3n\t\t\t\t\t\t\t<\/label>\n\t\t\t\t\t\t<div class=\"elementor-field-subgroup\"><span class=\"elementor-field-option\"><input type=\"checkbox\" value=\"I have read the privacy policy and I expressly consent to the sending of my email.\" id=\"form-field-field_e20828c-0\" name=\"form_fields[field_e20828c]\"> <label for=\"form-field-field_e20828c-0\">He le\u00eddo la pol\u00edtica de privacidad y consiento expresamente el env\u00edo de mi correo electr\u00f3nico.<\/label><\/span><\/div>\t\t\t\t<\/div>\n\t\t\t\t\t\t\t\t<div class=\"elementor-field-group elementor-column elementor-field-type-submit elementor-col-100 e-form__buttons\">\n\t\t\t\t\t<button class=\"elementor-button elementor-size-sm\" type=\"submit\">\n\t\t\t\t\t\t<span class=\"elementor-button-content-wrapper\">\n\t\t\t\t\t\t\t\t\t\t\t\t\t\t\t\t\t\t\t\t\t\t<span class=\"elementor-button-text\">Canta<\/span>\n\t\t\t\t\t\t\t\t\t\t\t\t\t<\/span>\n\t\t\t\t\t<\/button>\n\t\t\t\t<\/div>\n\t\t\t<\/div>\n\t\t<input type=\"hidden\" name=\"trp-form-language\" value=\"es\"\/><\/form>\n\t\t\t\t\t\t<\/div>\n\t\t\t\t<\/div>\n\t\t\t\t\t<\/div>\n\t\t\t\t<\/div>\n\t\t\t\t<\/div>","protected":false},"excerpt":{"rendered":"<p>Exclusive benefits for members only:\u2022 Customized delivery\u2022 Extra kilometers\u2022 Possibility of replacing the car\u2022 Personalized offers\u2022 First to receive new promotions\u2022 First to receive new entries into the fleet\u2022 Discover how to earn passive income with ARENT&#8217;s luxury car rental opportunities Join the club<\/p>","protected":false},"author":1,"featured_media":0,"parent":0,"menu_order":0,"comment_status":"closed","ping_status":"closed","template":"","meta":{"site-sidebar-layout":"no-sidebar","site-content-layout":"","ast-site-content-layout":"full-width-container","site-content-style":"default","site-sidebar-style":"default","ast-global-header-display":"","ast-banner-title-visibility":"","ast-main-header-display":"","ast-hfb-above-header-display":"","ast-hfb-below-header-display":"","ast-hfb-mobile-header-display":"","site-post-title":"disabled","ast-breadcrumbs-content":"","ast-featured-img":"disabled","footer-sml-layout":"","theme-transparent-header-meta":"","adv-header-id-meta":"","stick-header-meta":"","header-above-stick-meta":"","header-main-stick-meta":"","header-below-stick-meta":"","astra-migrate-meta-layouts":"default","ast-page-background-enabled":"default","ast-page-background-meta":{"desktop":{"background-color":"var(--ast-global-color-5)","background-image":"","background-repeat":"repeat","background-position":"center center","background-size":"auto","background-attachment":"scroll","background-type":"","background-media":"","overlay-type":"","overlay-color":"","overlay-opacity":"","overlay-gradient":""},"tablet":{"background-color":"","background-image":"","background-repeat":"repeat","background-position":"center center","background-size":"auto","background-attachment":"scroll","background-type":"","background-media":"","overlay-type":"","overlay-color":"","overlay-opacity":"","overlay-gradient":""},"mobile":{"background-color":"","background-image":"","background-repeat":"repeat","background-position":"center center","background-size":"auto","background-attachment":"scroll","background-type":"","background-media":"","overlay-type":"","overlay-color":"","overlay-opacity":"","overlay-gradient":""}},"ast-content-background-meta":{"desktop":{"background-color":"var(--ast-global-color-4)","background-image":"","background-repeat":"repeat","background-position":"center center","background-size":"auto","background-attachment":"scroll","background-type":"","background-media":"","overlay-type":"","overlay-color":"","overlay-opacity":"","overlay-gradient":""},"tablet":{"background-color":"var(--ast-global-color-4)","background-image":"","background-repeat":"repeat","background-position":"center center","background-size":"auto","background-attachment":"scroll","background-type":"","background-media":"","overlay-type":"","overlay-color":"","overlay-opacity":"","overlay-gradient":""},"mobile":{"background-color":"var(--ast-global-color-4)","background-image":"","background-repeat":"repeat","background-position":"center center","background-size":"auto","background-attachment":"scroll","background-type":"","background-media":"","overlay-type":"","overlay-color":"","overlay-opacity":"","overlay-gradient":""}},"footnotes":""},"class_list":["post-32","page","type-page","status-publish","hentry"],"aioseo_notices":[],"_links":{"self":[{"href":"https:\/\/arentgroup.it\/es\/wp-json\/wp\/v2\/pages\/32","targetHints":{"allow":["GET"]}}],"collection":[{"href":"https:\/\/arentgroup.it\/es\/wp-json\/wp\/v2\/pages"}],"about":[{"href":"https:\/\/arentgroup.it\/es\/wp-json\/wp\/v2\/types\/page"}],"author":[{"embeddable":true,"href":"https:\/\/arentgroup.it\/es\/wp-json\/wp\/v2\/users\/1"}],"replies":[{"embeddable":true,"href":"https:\/\/arentgroup.it\/es\/wp-json\/wp\/v2\/comments?post=32"}],"version-history":[{"count":44,"href":"https:\/\/arentgroup.it\/es\/wp-json\/wp\/v2\/pages\/32\/revisions"}],"predecessor-version":[{"id":1611,"href":"https:\/\/arentgroup.it\/es\/wp-json\/wp\/v2\/pages\/32\/revisions\/1611"}],"wp:attachment":[{"href":"https:\/\/arentgroup.it\/es\/wp-json\/wp\/v2\/media?parent=32"}],"curies":[{"name":"wp","href":"https:\/\/api.w.org\/{rel}","templated":true}]}}