{"id":3,"date":"2025-04-18T05:53:27","date_gmt":"2025-04-18T05:53:27","guid":{"rendered":"http:\/\/arentgroup.it\/?page_id=3"},"modified":"2025-04-26T10:01:45","modified_gmt":"2025-04-26T10:01:45","slug":"privacy-policy","status":"publish","type":"page","link":"https:\/\/arentgroup.it\/es\/privacy-policy\/","title":{"rendered":"Pol\u00edtica de privacidad"},"content":{"rendered":"<div data-elementor-type=\"wp-page\" data-elementor-id=\"3\" class=\"elementor elementor-3\" data-elementor-post-type=\"page\">\n\t\t\t\t<div class=\"elementor-element elementor-element-c6ad75a e-flex e-con-boxed wpr-particle-no wpr-jarallax-no wpr-parallax-no wpr-sticky-section-no e-con e-parent\" data-id=\"c6ad75a\" data-element_type=\"container\">\n\t\t\t\t\t<div class=\"e-con-inner\">\n\t\t\t\t<div class=\"elementor-element elementor-element-7e5be3a elementor-widget elementor-widget-heading\" data-id=\"7e5be3a\" data-element_type=\"widget\" data-widget_type=\"heading.default\">\n\t\t\t\t\t<h2 class=\"elementor-heading-title elementor-size-default\">Pol\u00edtica de privacidad<\/h2>\t\t\t\t<\/div>\n\t\t\t\t\t<\/div>\n\t\t\t\t<\/div>\n\t\t<div class=\"elementor-element elementor-element-2d30ffc9 e-flex e-con-boxed wpr-particle-no wpr-jarallax-no wpr-parallax-no wpr-sticky-section-no e-con e-parent\" data-id=\"2d30ffc9\" data-element_type=\"container\">\n\t\t\t\t\t<div class=\"e-con-inner\">\n\t\t\t\t<div class=\"elementor-element elementor-element-206c61d9 elementor-widget elementor-widget-text-editor\" data-id=\"206c61d9\" data-element_type=\"widget\" data-widget_type=\"text-editor.default\">\n\t\t\t\t\t\t\t\t\t<p><\/p>\n<p><span style=\"font-size: 1rem;\">GRUPO ARENT | Via Arcangelo Corelli 91 - Firenze (FI) 50127 | Tel. +39 350 8388915 | <\/span><a data-start=\"139\" data-end=\"157\" rel=\"noopener\" style=\"background-color: rgb(255, 255, 255); font-size: 1rem;\">info@arentgroup.it<\/a><span style=\"font-size: 1rem;\"> | N\u00famero de IVA: 07445830487<\/span><strong>propietario del sitio web www.arentgroup.it<\/strong>&nbsp;se reserva el derecho de utilizar los datos personales, facilitados voluntariamente por los usuarios, en cumplimiento de la normativa vigente.<br>Este documento le permitir\u00e1 conocer nuestra pol\u00edtica de privacidad para entender c\u00f3mo se gestiona su informaci\u00f3n personal cuando utiliza nuestros servicios y para permitirle dar su consentimiento expreso e informado al tratamiento de sus datos personales en las secciones del Sitio.<br>Esta es una nota informativa que se proporciona de conformidad con el art. 13 del Decreto Legislativo 196\/2003 - C\u00f3digo de Protecci\u00f3n de Datos Personales y el Reglamento de la UE sobre la protecci\u00f3n de datos personales (UE 2016\/679).<br>La informaci\u00f3n se proporciona \u00fanicamente para este Sitio y no para otros sitios web que el usuario pueda consultar a trav\u00e9s de enlaces.<\/p>\n<p><strong>Propietario y responsables del tratamiento<\/strong><\/p>\n<p>El responsable del tratamiento de los datos recogidos a trav\u00e9s del sitio web es&nbsp;<span style=\"font-size: 1rem;\">GRUPO ARENT | Via Arcangelo Corelli 91 - Firenze (FI) 50127 | Tel. +39 350 8388915 | <\/span><a data-start=\"139\" data-end=\"157\" rel=\"noopener\" style=\"background-color: rgb(255, 255, 255); font-size: 1rem;\">info@arentgroup.it<\/a><span style=\"font-size: 1rem;\"> | N\u00famero de IVA: 07445830487<\/span><span style=\"font-style: inherit; font-weight: inherit;\">&nbsp;. Todos los datos recogidos ser\u00e1n tratados en la sede del responsable del tratamiento, salvo que se especifique lo contrario en la presente Pol\u00edtica de Privacidad. La lista actualizada de Encargados del Tratamiento est\u00e1 disponible en la sede del Responsable del Tratamiento, a quien puede dirigirse en cualquier momento.<\/span><\/p><p>El titular procesa los datos personales de los usuarios adoptando las medidas de seguridad adecuadas para evitar el acceso no autorizado, la divulgaci\u00f3n, modificaci\u00f3n o destrucci\u00f3n de los datos personales. El tratamiento se lleva a cabo utilizando herramientas inform\u00e1ticas y\/o telem\u00e1ticas, con m\u00e9todos organizativos y l\u00f3gicos estrictamente relacionados con los fines indicados.<br>Finalidad y fundamento jur\u00eddico del tratamiento<br>El tratamiento que pretendemos llevar a cabo tiene como finalidad permitir la prestaci\u00f3n de los Servicios solicitados por usted.<br>Sus datos personales tambi\u00e9n se procesan para cumplir obligaciones legales, contables y fiscales, as\u00ed como para permitir la navegaci\u00f3n y consulta del Sitio.<br>Por \u00faltimo, el env\u00edo facultativo, expl\u00edcito y voluntario de correo electr\u00f3nico a las direcciones indicadas en este Sitio conlleva la posterior adquisici\u00f3n de la direcci\u00f3n del remitente, necesaria para responder a las solicitudes, as\u00ed como de cualquier otro dato personal incluido en el mensaje.&nbsp;<\/p>\n<p><strong>Comunicaci\u00f3n y difusi\u00f3n de datos personales comunes<\/strong><\/p>\n<p>Adem\u00e1s del propietario, en algunos casos, categor\u00edas de personas involucradas en la organizaci\u00f3n del sitio (administradores administrativos, comerciales, de marketing, legales, de sistemas) o partes externas (como proveedores de servicios t\u00e9cnicos externos, mensajeros postales, proveedores de alojamiento, empresas de TI, agencias de comunicaci\u00f3n) pueden tener acceso a datos personales, tambi\u00e9n designados, si es necesario, como controladores de datos por el propietario. &nbsp;<br>Los datos personales se procesan con herramientas automatizadas durante el tiempo estrictamente necesario para lograr los fines para los que se recogieron.<br>Sus datos personales no ser\u00e1n divulgados.<br>Sus datos no se transferir\u00e1n a terceros pa\u00edses ni a organizaciones internacionales.<\/p>\n<p><strong>Car\u00e1cter obligatorio o facultativo del suministro de datos y consecuencias de la negativa a responder<\/strong><\/p>\n<p>El suministro de datos es facultativo; no obstante, la negativa a facilitarlos puede imposibilitar que&nbsp;<span style=\"font-size: 1rem;\">GRUPO ARENT | Via Arcangelo Corelli 91 - Firenze (FI) 50127 | Tel. +39 350 8388915 | <\/span><a data-start=\"139\" data-end=\"157\" rel=\"noopener\" style=\"background-color: rgb(255, 255, 255); font-size: 1rem;\">info@arentgroup.it<\/a><span style=\"font-size: 1rem;\"> | N\u00famero de IVA: 07445830487<\/span><span style=\"font-style: inherit; font-weight: inherit;\">&nbsp; para prestar el servicio solicitado.<\/span><\/p><p>Tipos de datos tratados<br><em>Datos de navegaci\u00f3n<\/em><br>Los sistemas inform\u00e1ticos y los procedimientos de software utilizados para el funcionamiento del Sitio adquieren, durante su funcionamiento normal, algunos datos personales cuya transmisi\u00f3n est\u00e1 impl\u00edcita en el uso de los protocolos de comunicaci\u00f3n de Internet.<br>Esta informaci\u00f3n no se recoge para asociarla a interesados identificados, pero por su propia naturaleza podr\u00eda, mediante su tratamiento y asociaci\u00f3n con datos en poder de terceros, permitir identificar a los usuarios.<br>Esta categor\u00eda de datos incluye las direcciones IP o los nombres de dominio de los ordenadores utilizados por los usuarios que se conectan al sitio, las direcciones URI (Uniform Resource Identifier) de los recursos solicitados, la hora de la solicitud, el m\u00e9todo utilizado para enviar la solicitud al servidor, el tama\u00f1o del archivo obtenido como respuesta, el c\u00f3digo num\u00e9rico que indica el estado de la respuesta dada por el servidor (correcto, error, etc.) y otros par\u00e1metros relacionados con el sistema operativo y el entorno inform\u00e1tico del usuario.<br>Estos datos se utilizan con el \u00fanico fin de obtener informaci\u00f3n estad\u00edstica an\u00f3nima sobre el uso del sitio y comprobar su correcto funcionamiento y se eliminan inmediatamente despu\u00e9s de su tratamiento. Los datos podr\u00edan utilizarse para determinar responsabilidades en caso de hipot\u00e9ticos delitos inform\u00e1ticos contra el sitio o terceros: salvo esta eventualidad, en la actualidad los datos sobre contactos web no se almacenan de forma permanente.<br><em>Otros datos personales<\/em><br>Otros datos personales suyos -como, a t\u00edtulo enunciativo y no limitativo: direcci\u00f3n de correo electr\u00f3nico, nombre, apellidos- se tratan para la prestaci\u00f3n del servicio y, eventualmente, para el env\u00edo del bolet\u00edn de noticias o de comunicaciones promocionales, en su caso.<\/p>\n<p><strong>Derechos del interesado<\/strong><\/p>\n<p>Los usuarios podr\u00e1n ejercer en cualquier momento los derechos previstos en el art. 7 del C\u00f3digo de Privacidad, con el fin de obtener la confirmaci\u00f3n de la existencia o no de sus datos personales y conocer su contenido y origen, verificar su exactitud o solicitar su integraci\u00f3n o actualizaci\u00f3n, o correcci\u00f3n.<br><strong>De conformidad con el art. 7<\/strong>&nbsp;&nbsp;del C\u00f3digo de Privacidad,<br>1. El interesado tiene derecho a obtener la confirmaci\u00f3n de la existencia o inexistencia de datos personales que le conciernan, aunque a\u00fan no est\u00e9n registrados, y su comunicaci\u00f3n en forma inteligible.<br>2. El interesado tiene derecho a obtener informaci\u00f3n sobre:<br>a) el origen de los datos personales;<br>b) los fines y m\u00e9todos del tratamiento;<br>c) la l\u00f3gica aplicada en caso de tratamiento efectuado con ayuda de instrumentos electr\u00f3nicos;<br>d) los datos de identificaci\u00f3n del propietario, los gestores y el representante designado de conformidad con el apartado 2 del art\u00edculo 5;<br>e) los sujetos o categor\u00edas de sujetos a los que los datos personales puedan ser comunicados o que puedan tener conocimiento de los mismos en calidad de representante designado en el territorio del Estado, responsables o encargados.<br>3. El interesado tiene derecho a obtener:<br>a) la actualizaci\u00f3n, rectificaci\u00f3n o, cuando le interese, integraci\u00f3n de los datos;<br>b) la cancelaci\u00f3n, la transformaci\u00f3n en forma an\u00f3nima o el bloqueo de los datos tratados en violaci\u00f3n de la ley, incluidos aquellos cuya conservaci\u00f3n no sea necesaria en relaci\u00f3n con los fines para los que fueron recogidos o posteriormente tratados;<br>c) la certificaci\u00f3n de que las operaciones a que se refieren las letras a) y b) han sido puestas en conocimiento, tambi\u00e9n por lo que respecta a su contenido, de aquellos a quienes los datos han sido comunicados o difundidos, salvo en el caso en que dicho cumplimiento resulte imposible o implique el empleo de medios manifiestamente desproporcionados respecto al derecho tutelado.<br>4. El interesado tiene derecho a oponerse, total o parcialmente: a) por motivos leg\u00edtimos, al tratamiento de los datos personales que le conciernan, aunque sean pertinentes a la finalidad de la recogida;<br>b) al tratamiento de datos personales que le conciernan con fines de env\u00edo de material publicitario o de venta directa o para la realizaci\u00f3n de estudios de mercado o de comunicaci\u00f3n comercial.<\/p>\n<p><strong>De conformidad con el art\u00edculo 20 del Reglamento europeo<\/strong>&nbsp;&nbsp;para la protecci\u00f3n de datos personales: el interesado tiene derecho a recibir los datos personales que le conciernan en un formato estructurado, de uso com\u00fan y lectura mec\u00e1nica, y tiene derecho a transmitirlos sin trabas a otro responsable del tratamiento.<br><strong>De conformidad con el art\u00edculo 77 del Reglamento europeo<\/strong>&nbsp;&nbsp;para la protecci\u00f3n de datos personales: Sin perjuicio de cualquier otro recurso administrativo o judicial, el interesado que considere que el tratamiento que le afecta vulnera el reglamento tiene derecho a presentar una reclamaci\u00f3n ante el Garante per la protezione dei dati personali (http:\/\/www.garanteprivacy.it\/web\/guest).<br>Las solicitudes deben dirigirse a&nbsp;<span style=\"font-size: 1rem;\">GRUPO ARENT | Via Arcangelo Corelli 91 - Firenze (FI) 50127 | Tel. +39 350 8388915 | <\/span><a data-start=\"139\" data-end=\"157\" rel=\"noopener\" style=\"background-color: rgb(255, 255, 255); font-size: 1rem;\">info@arentgroup.it<\/a><span style=\"font-size: 1rem;\"> | N\u00famero de IVA: 07445830487<\/span><span style=\"font-style: inherit; font-weight: inherit;\">&nbsp;como responsable del tratamiento de datos a trav\u00e9s de la siguiente direcci\u00f3n de correo electr\u00f3nico <\/span><a href=\"mailto:info@arentgroup.it\" style=\"font-style: inherit; font-weight: inherit; background-color: rgb(255, 255, 255);\">info@arentgroup.it&nbsp;<\/a><span style=\"font-style: inherit; font-weight: inherit;\"> a trav\u00e9s del mismo contacto, el usuario tambi\u00e9n puede solicitar la lista actualizada de todos los responsables del tratamiento designados por el titular.<\/span><\/p>\n<p>La solicitud de los datos enumerados anteriormente podr\u00e1 renovarse con un intervalo m\u00ednimo de 90 d\u00edas, salvo en los casos en que exista una causa justificada: cancelaci\u00f3n o modificaci\u00f3n de dichos datos por infracci\u00f3n de la ley; cancelaci\u00f3n de datos que no puedan utilizarse para los fines para los que fueron recogidos.<br>El responsable del tratamiento se reserva el derecho a introducir en cualquier momento modificaciones en la presente Pol\u00edtica de Privacidad, notific\u00e1ndolas a los usuarios en esta p\u00e1gina. Por lo tanto, le rogamos que consulte a menudo esta p\u00e1gina, tomando como referencia la fecha de la \u00faltima modificaci\u00f3n indicada al final del documento. En caso de no aceptaci\u00f3n de los cambios introducidos en la presente Pol\u00edtica de Privacidad, puede solicitar al responsable del tratamiento que suprima sus datos personales.<br>A menos que se especifique lo contrario, la Pol\u00edtica de Privacidad anterior seguir\u00e1 aplic\u00e1ndose a los datos personales recogidos hasta ese momento.<\/p>\n<p><strong>CONTROLADOR DE DATOS<\/strong><\/p>\n<p>GRUPO ARENT<br>Via Arcangelo Corelli 91 - Florencia (FI) 50127<br>Tel. +39 350 8388915<br>info@arentgroup.it<br>N\u00famero de IVA: 07445830487<\/p>\t\t\t\t\t\t\t\t<\/div>\n\t\t\t\t\t<\/div>\n\t\t\t\t<\/div>\n\t\t\t\t<\/div>","protected":false},"excerpt":{"rendered":"<p>Privacy Policy ARENT GROUP | Via Arcangelo Corelli 91 &#8211; Firenze (FI) 50127 | Tel. +39 350 8388915 | info@arentgroup.it | VAT number: 07445830487, owner of the website www.arentgroup.it&nbsp;, reserves the right to use personal data, voluntarily provided by users, in compliance with current regulations.This document will allow you to know our privacy policy to understand how your personal information is managed when you use our services and to allow you to give express and informed consent to the processing of your personal data in the sections of the Site.This is an information notice that is provided pursuant to art. 13 of Legislative Decree 196\/2003 &#8211; Personal Data Protection Code and the EU Regulation on the protection of personal data (EU 2016\/679).The information is provided only for this Site and not for other websites that may be consulted by the user via links. Owner and Data Controllers The data controller for the data collected through the site is&nbsp;ARENT GROUP | Via Arcangelo Corelli 91 &#8211; Firenze (FI) 50127 | Tel. +39 350 8388915 | info@arentgroup.it | VAT number: 07445830487&nbsp;. All data collected will be processed at the headquarters of the data controller, unless otherwise specified in this Privacy Policy. The updated list of Data Processors is available at the headquarters of the Data Controller, to whom you can contact at any time. The owner processes the personal data of users by adopting the appropriate security measures to prevent unauthorized access, disclosure, modification or destruction of personal data. Processing is carried out using IT and\/or telematic tools, with organizational methods and logic strictly related to the purposes indicated.Purpose and legal basis of processingThe processing that we intend to carry out has the purpose of allowing the provision of the Services requested by you.Your personal data are also processed to fulfill legal, accounting and tax obligations, as well as to allow navigation and consultation of the Site.Finally, the optional, explicit and voluntary sending of electronic mail to the addresses indicated on this Site entails the subsequent acquisition of the sender&#8217;s address, necessary to respond to requests, as well as any other personal data included in the message.&nbsp; Communication and dissemination of common personal data In addition to the owner, in some cases, categories of persons involved in the organization of the site (administrative, commercial, marketing, legal, system administrators) or external parties (such as third-party technical service providers, postal couriers, hosting providers, IT companies, communication agencies) may have access to personal data, also appointed, if necessary, as data controllers by the owner. &nbsp;Personal data are processed with automated tools for the time strictly necessary to achieve the purposes for which they were collected.Your personal data will not be disclosed.Your data will not be transferred to a third country or to an international organization. Mandatory or optional nature of providing data and consequences of any refusal to respond The provision of data is optional, however any refusal to provide them may make it impossible for&nbsp;ARENT GROUP | Via Arcangelo Corelli 91 &#8211; Firenze (FI) 50127 | Tel. +39 350 8388915 | info@arentgroup.it | VAT number: 07445830487&nbsp; to provide the requested service. Types of data processedNavigation dataThe computer systems and software procedures used to operate the Site acquire, during their normal operation, some personal data whose transmission is implicit in the use of Internet communication protocols.This information is not collected to be associated with identified interested parties, but by its very nature could, through processing and association with data held by third parties, allow users to be identified.This category of data includes IP addresses or domain names of computers used by users who connect to the site, URI (Uniform Resource Identifier) addresses of requested resources, the time of the request, the method used to submit the request to the server, the size of the file obtained in response, the numerical code indicating the status of the response given by the server (successful, error, etc.) and other parameters relating to the operating system and the user&#8217;s IT environment.These data are used for the sole purpose of obtaining anonymous statistical information on the use of the site and to check its correct functioning and are deleted immediately after processing. The data could be used to ascertain responsibility in the event of hypothetical computer crimes against the Site or third parties: except for this eventuality, at present the data on web contacts are not stored permanently.Other personal dataOther personal data of yours \u2013 such as, by way of example and not limited to: e-mail address, name, surname \u2013 are processed for the provision of the service and possibly for sending the newsletter or promotional communications, where applicable. Rights of the interested party Users may exercise at any time the rights provided for by art. 7 of the Privacy Code, in order to obtain confirmation of the existence or otherwise of their personal data and to know their content and origin, verify their accuracy or request their integration or updating, or correction.Pursuant to art. 7&nbsp;&nbsp;of the Privacy Code,1. The interested party has the right to obtain confirmation of the existence or otherwise of personal data concerning him or her, even if not yet registered, and their communication in an intelligible form.2. The interested party has the right to obtain information on:a) the origin of the personal data;b) the purposes and methods of processing;c) the logic applied in the event of processing carried out with the aid of electronic instruments;d) the identification details of the owner, managers and designated representative pursuant to article 5, paragraph 2;e) the subjects or categories of subjects to whom the personal data may be communicated or who may become aware of them in their capacity as designated representative in the territory of the State, managers or agents.3. The interested party has the right to obtain:a) the updating, rectification or, when interested, integration of the data;b) the cancellation, transformation into anonymous form or blocking of data processed in violation of the law, including data whose retention is not necessary in relation to the purposes for<\/p>","protected":false},"author":1,"featured_media":0,"parent":0,"menu_order":0,"comment_status":"closed","ping_status":"closed","template":"","meta":{"site-sidebar-layout":"default","site-content-layout":"","ast-site-content-layout":"","site-content-style":"default","site-sidebar-style":"default","ast-global-header-display":"","ast-banner-title-visibility":"","ast-main-header-display":"","ast-hfb-above-header-display":"","ast-hfb-below-header-display":"","ast-hfb-mobile-header-display":"","site-post-title":"","ast-breadcrumbs-content":"","ast-featured-img":"","footer-sml-layout":"","theme-transparent-header-meta":"","adv-header-id-meta":"","stick-header-meta":"","header-above-stick-meta":"","header-main-stick-meta":"","header-below-stick-meta":"","astra-migrate-meta-layouts":"default","ast-page-background-enabled":"default","ast-page-background-meta":{"desktop":{"background-color":"var(--ast-global-color-5)","background-image":"","background-repeat":"repeat","background-position":"center center","background-size":"auto","background-attachment":"scroll","background-type":"","background-media":"","overlay-type":"","overlay-color":"","overlay-opacity":"","overlay-gradient":""},"tablet":{"background-color":"","background-image":"","background-repeat":"repeat","background-position":"center center","background-size":"auto","background-attachment":"scroll","background-type":"","background-media":"","overlay-type":"","overlay-color":"","overlay-opacity":"","overlay-gradient":""},"mobile":{"background-color":"","background-image":"","background-repeat":"repeat","background-position":"center center","background-size":"auto","background-attachment":"scroll","background-type":"","background-media":"","overlay-type":"","overlay-color":"","overlay-opacity":"","overlay-gradient":""}},"ast-content-background-meta":{"desktop":{"background-color":"var(--ast-global-color-4)","background-image":"","background-repeat":"repeat","background-position":"center center","background-size":"auto","background-attachment":"scroll","background-type":"","background-media":"","overlay-type":"","overlay-color":"","overlay-opacity":"","overlay-gradient":""},"tablet":{"background-color":"var(--ast-global-color-4)","background-image":"","background-repeat":"repeat","background-position":"center center","background-size":"auto","background-attachment":"scroll","background-type":"","background-media":"","overlay-type":"","overlay-color":"","overlay-opacity":"","overlay-gradient":""},"mobile":{"background-color":"var(--ast-global-color-4)","background-image":"","background-repeat":"repeat","background-position":"center center","background-size":"auto","background-attachment":"scroll","background-type":"","background-media":"","overlay-type":"","overlay-color":"","overlay-opacity":"","overlay-gradient":""}},"footnotes":""},"class_list":["post-3","page","type-page","status-publish","hentry"],"aioseo_notices":[],"_links":{"self":[{"href":"https:\/\/arentgroup.it\/es\/wp-json\/wp\/v2\/pages\/3","targetHints":{"allow":["GET"]}}],"collection":[{"href":"https:\/\/arentgroup.it\/es\/wp-json\/wp\/v2\/pages"}],"about":[{"href":"https:\/\/arentgroup.it\/es\/wp-json\/wp\/v2\/types\/page"}],"author":[{"embeddable":true,"href":"https:\/\/arentgroup.it\/es\/wp-json\/wp\/v2\/users\/1"}],"replies":[{"embeddable":true,"href":"https:\/\/arentgroup.it\/es\/wp-json\/wp\/v2\/comments?post=3"}],"version-history":[{"count":10,"href":"https:\/\/arentgroup.it\/es\/wp-json\/wp\/v2\/pages\/3\/revisions"}],"predecessor-version":[{"id":1392,"href":"https:\/\/arentgroup.it\/es\/wp-json\/wp\/v2\/pages\/3\/revisions\/1392"}],"wp:attachment":[{"href":"https:\/\/arentgroup.it\/es\/wp-json\/wp\/v2\/media?parent=3"}],"curies":[{"name":"wp","href":"https:\/\/api.w.org\/{rel}","templated":true}]}}