{"id":13,"date":"2025-04-18T06:33:34","date_gmt":"2025-04-18T06:33:34","guid":{"rendered":"https:\/\/arentgroup.it\/?page_id=13"},"modified":"2025-04-27T08:15:16","modified_gmt":"2025-04-27T08:15:16","slug":"who-we-are","status":"publish","type":"page","link":"https:\/\/arentgroup.it\/es\/who-we-are\/","title":{"rendered":"Qui\u00e9nes somos"},"content":{"rendered":"<div data-elementor-type=\"wp-page\" data-elementor-id=\"13\" class=\"elementor elementor-13\" data-elementor-post-type=\"page\">\n\t\t\t\t<div class=\"elementor-element elementor-element-fc95373 e-flex e-con-boxed wpr-particle-no wpr-jarallax-no wpr-parallax-no wpr-sticky-section-no e-con e-parent\" data-id=\"fc95373\" data-element_type=\"container\">\n\t\t\t\t\t<div class=\"e-con-inner\">\n\t\t<div class=\"elementor-element elementor-element-da0cb31 e-con-full e-flex wpr-particle-no wpr-jarallax-no wpr-parallax-no wpr-sticky-section-no e-con e-child\" data-id=\"da0cb31\" data-element_type=\"container\" data-settings=\"{&quot;background_background&quot;:&quot;classic&quot;}\">\n\t\t\t\t<\/div>\n\t\t<div class=\"elementor-element elementor-element-d75709b e-con-full e-flex wpr-particle-no wpr-jarallax-no wpr-parallax-no wpr-sticky-section-no e-con e-child\" data-id=\"d75709b\" data-element_type=\"container\">\n\t\t\t\t<div class=\"elementor-element elementor-element-8f27b11 elementor-widget elementor-widget-heading\" data-id=\"8f27b11\" data-element_type=\"widget\" data-widget_type=\"heading.default\">\n\t\t\t\t\t<h2 class=\"elementor-heading-title elementor-size-default\">Qui\u00e9nes somos<\/h2>\t\t\t\t<\/div>\n\t\t\t\t<div class=\"elementor-element elementor-element-31e4d06 elementor-widget elementor-widget-text-editor\" data-id=\"31e4d06\" data-element_type=\"widget\" data-widget_type=\"text-editor.default\">\n\t\t\t\t\t\t\t\t\t<p>ARENT GROUP es una empresa de alquiler de coches de lujo con sede en Mil\u00e1n, Florencia e Ibiza que opera a nivel nacional e internacional con el objetivo de satisfacer las peticiones particulares de los clientes m\u00e1s exigentes. De hecho, disponemos de coches de lujo y business particularmente recientes con motores diesel y gasolina, siempre y en todo caso de alto target.<br data-start=\"477\" data-end=\"480\">Gracias a nuestra profesionalidad y al amplio surtido de coches, el GRUPO ARENT lleva mucho tiempo suministrando sus coches a empresarios, personajes p\u00fablicos, representantes pero tambi\u00e9n a particulares que quieren vivir una experiencia \u00fanica conduciendo coches exclusivos de m\u00e1s de 400 caballos de potencia.<br data-start=\"749\" data-end=\"752\">Disponemos de la mayor\u00eda de los mejores coches de lujo actualmente en el mercado con una amplia selecci\u00f3n de las marcas m\u00e1s famosas del mundo, con modelos coup\u00e9, cabrio, sed\u00e1n y station wagon.<br data-start=\"923\" data-end=\"926\">Surtido, fiabilidad, profesionalidad y asistencia son las palabras que nos distinguen. No dude en ponerse en contacto con nosotros para solicitar un presupuesto totalmente gratuito y sin compromiso.<\/p>\t\t\t\t\t\t\t\t<\/div>\n\t\t\t\t<\/div>\n\t\t\t\t\t<\/div>\n\t\t\t\t<\/div>\n\t\t\t\t<\/div>","protected":false},"excerpt":{"rendered":"<p>About us ARENT GROUP is a luxury car rental company based in Milan, Florence and Ibiza that operates nationally and abroad with the aim of satisfying the particular requests of even the most demanding customer. In fact, we have particularly recent luxury cars and business cars with diesel and petrol engines, always and in any case of high target.Thanks to our professionalism and the vast assortment of cars, ARENT GROUP has long been supplying its cars to entrepreneurs, public figures, representatives but also to private individuals who want to live a unique experience driving exclusive cars with over 400 horsepower.We have most of the best luxury cars currently on the market with a wide choice of the most famous brands in the world, with coup\u00e9, cabrio, sedan and station wagon models.Assortment, reliability, professionalism and assistance are the words that distinguish us. Do not hesitate to contact us for a completely free and non-binding quote!<\/p>","protected":false},"author":1,"featured_media":0,"parent":0,"menu_order":0,"comment_status":"closed","ping_status":"closed","template":"","meta":{"site-sidebar-layout":"no-sidebar","site-content-layout":"","ast-site-content-layout":"full-width-container","site-content-style":"default","site-sidebar-style":"default","ast-global-header-display":"","ast-banner-title-visibility":"","ast-main-header-display":"","ast-hfb-above-header-display":"","ast-hfb-below-header-display":"","ast-hfb-mobile-header-display":"","site-post-title":"disabled","ast-breadcrumbs-content":"","ast-featured-img":"disabled","footer-sml-layout":"","theme-transparent-header-meta":"","adv-header-id-meta":"","stick-header-meta":"","header-above-stick-meta":"","header-main-stick-meta":"","header-below-stick-meta":"","astra-migrate-meta-layouts":"default","ast-page-background-enabled":"default","ast-page-background-meta":{"desktop":{"background-color":"var(--ast-global-color-5)","background-image":"","background-repeat":"repeat","background-position":"center center","background-size":"auto","background-attachment":"scroll","background-type":"","background-media":"","overlay-type":"","overlay-color":"","overlay-opacity":"","overlay-gradient":""},"tablet":{"background-color":"","background-image":"","background-repeat":"repeat","background-position":"center center","background-size":"auto","background-attachment":"scroll","background-type":"","background-media":"","overlay-type":"","overlay-color":"","overlay-opacity":"","overlay-gradient":""},"mobile":{"background-color":"","background-image":"","background-repeat":"repeat","background-position":"center center","background-size":"auto","background-attachment":"scroll","background-type":"","background-media":"","overlay-type":"","overlay-color":"","overlay-opacity":"","overlay-gradient":""}},"ast-content-background-meta":{"desktop":{"background-color":"var(--ast-global-color-4)","background-image":"","background-repeat":"repeat","background-position":"center center","background-size":"auto","background-attachment":"scroll","background-type":"","background-media":"","overlay-type":"","overlay-color":"","overlay-opacity":"","overlay-gradient":""},"tablet":{"background-color":"var(--ast-global-color-4)","background-image":"","background-repeat":"repeat","background-position":"center center","background-size":"auto","background-attachment":"scroll","background-type":"","background-media":"","overlay-type":"","overlay-color":"","overlay-opacity":"","overlay-gradient":""},"mobile":{"background-color":"var(--ast-global-color-4)","background-image":"","background-repeat":"repeat","background-position":"center center","background-size":"auto","background-attachment":"scroll","background-type":"","background-media":"","overlay-type":"","overlay-color":"","overlay-opacity":"","overlay-gradient":""}},"footnotes":""},"class_list":["post-13","page","type-page","status-publish","hentry"],"aioseo_notices":[],"_links":{"self":[{"href":"https:\/\/arentgroup.it\/es\/wp-json\/wp\/v2\/pages\/13","targetHints":{"allow":["GET"]}}],"collection":[{"href":"https:\/\/arentgroup.it\/es\/wp-json\/wp\/v2\/pages"}],"about":[{"href":"https:\/\/arentgroup.it\/es\/wp-json\/wp\/v2\/types\/page"}],"author":[{"embeddable":true,"href":"https:\/\/arentgroup.it\/es\/wp-json\/wp\/v2\/users\/1"}],"replies":[{"embeddable":true,"href":"https:\/\/arentgroup.it\/es\/wp-json\/wp\/v2\/comments?post=13"}],"version-history":[{"count":28,"href":"https:\/\/arentgroup.it\/es\/wp-json\/wp\/v2\/pages\/13\/revisions"}],"predecessor-version":[{"id":1730,"href":"https:\/\/arentgroup.it\/es\/wp-json\/wp\/v2\/pages\/13\/revisions\/1730"}],"wp:attachment":[{"href":"https:\/\/arentgroup.it\/es\/wp-json\/wp\/v2\/media?parent=13"}],"curies":[{"name":"wp","href":"https:\/\/api.w.org\/{rel}","templated":true}]}}